{"id":451,"date":"2021-04-25T15:18:05","date_gmt":"2021-04-25T13:18:05","guid":{"rendered":"https:\/\/eugdpr.si\/?page_id=451"},"modified":"2026-01-10T00:56:20","modified_gmt":"2026-01-09T22:56:20","slug":"gdpr-skladna-spletna-stran","status":"publish","type":"page","link":"https:\/\/eugdpr.si\/index.php\/gdpr-skladna-spletna-stran\/","title":{"rendered":"GDPR skladna spletna stran"},"content":{"rendered":"<div id=\"pl-gb451-69f200c0208d3\"  class=\"panel-layout wp-block-siteorigin-panels-layout-block\" ><div id=\"pg-gb451-69f200c0208d3-0\"  class=\"panel-grid panel-no-style\" ><div id=\"pgc-gb451-69f200c0208d3-0-0\"  class=\"panel-grid-cell\" ><div id=\"panel-gb451-69f200c0208d3-0-0-0\" class=\"so-panel widget widget_text panel-first-child panel-last-child\" data-index=\"0\" ><h3 class=\"widget-title\">Skladnost spletne strani<\/h3>\t\t\t<div class=\"textwidget\"><p>Zakaj skladnost spletne strani in kak\u0161en je namen? Spletna stran komunicira z na\u0161imi obiskovalci. <strong>Ker je IP obiskovalca osebni podatek in ga vsak obiskovalec vedno ima, moramo vsa vsebinska vpra\u0161anja skladnosti z obiskovalcem spletne strani razre\u0161iti takoj ob za\u010detku obiska spletne strani in pridobiti nujno strinjanje s politiko zasebnosti, ki mora vsebovati vse klju\u010dne informacije v zvezi z uporabo spletne strani in varovanjem zasebnosti obiskovalca.<\/strong> Predpostavka, da s spletno stranjo lastnik spletne strani ne zbira osebnih podatkov, ker je spletna stran zgolj predstavitvena in ne zahteva od obiskovalca osebnih podatkov, je sama po sebi napa\u010dna. Spletne strani, ki ne sprejema osebnih podatkov v okvirih regulative, ni mogo\u010de narediti. Skladna spletna stran zagotovi uporabo dovoljenih metod za obdelavo osebnih podatkov, transparentnost in razkritje uporabljenih tehnolo\u0161kih metod in zagotovi mo\u017enost uveljavljanja z Uredbo skladnih pravic. Urejanje spletne strani in priklop na na\u0161 skaner spletnih strani samo po sebi ne predstavlja ve\u010djega posega v spletno stran, posebej \u0161e, \u010de vemo, da tudi obiskovalci spletnih strani postajajo vse bolj ob\u010dutljivi na ravnanje z njihovimi osebnimi podatki.<\/p>\n<\/div>\n\t\t<\/div><\/div><div id=\"pgc-gb451-69f200c0208d3-0-1\"  class=\"panel-grid-cell\" ><div id=\"panel-gb451-69f200c0208d3-0-1-0\" class=\"so-panel widget widget_media_image panel-first-child panel-last-child\" data-index=\"1\" ><img loading=\"lazy\" decoding=\"async\" width=\"300\" height=\"184\" src=\"https:\/\/eugdpr.si\/wp-content\/uploads\/2021\/04\/Privacy_head-300x184.png\" class=\"image wp-image-454  attachment-medium size-medium\" alt=\"\" style=\"max-width: 100%; height: auto;\" srcset=\"https:\/\/eugdpr.si\/wp-content\/uploads\/2021\/04\/Privacy_head-300x184.png 300w, https:\/\/eugdpr.si\/wp-content\/uploads\/2021\/04\/Privacy_head-1024x627.png 1024w, https:\/\/eugdpr.si\/wp-content\/uploads\/2021\/04\/Privacy_head-768x470.png 768w, https:\/\/eugdpr.si\/wp-content\/uploads\/2021\/04\/Privacy_head.png 1489w\" sizes=\"auto, (max-width: 300px) 100vw, 300px\" \/><\/div><\/div><\/div><div id=\"pg-gb451-69f200c0208d3-1\"  class=\"panel-grid panel-no-style\" ><div id=\"pgc-gb451-69f200c0208d3-1-0\"  class=\"panel-grid-cell\" ><div id=\"panel-gb451-69f200c0208d3-1-0-0\" class=\"so-panel widget widget_media_image panel-first-child panel-last-child\" data-index=\"2\" ><img loading=\"lazy\" decoding=\"async\" width=\"275\" height=\"183\" src=\"https:\/\/eugdpr.si\/wp-content\/uploads\/2021\/04\/slika2-privacy.jpg\" class=\"image wp-image-455  attachment-full size-full\" alt=\"\" style=\"max-width: 100%; height: auto;\" srcset=\"https:\/\/eugdpr.si\/wp-content\/uploads\/2021\/04\/slika2-privacy.jpg 275w, https:\/\/eugdpr.si\/wp-content\/uploads\/2021\/04\/slika2-privacy-272x182.jpg 272w\" sizes=\"auto, (max-width: 275px) 100vw, 275px\" \/><\/div><\/div><div id=\"pgc-gb451-69f200c0208d3-1-1\"  class=\"panel-grid-cell\" ><div id=\"panel-gb451-69f200c0208d3-1-1-0\" class=\"so-panel widget widget_text panel-first-child panel-last-child\" data-index=\"3\" ><h3 class=\"widget-title\">Pregled spletne strani<\/h3>\t\t\t<div class=\"textwidget\"><p>Za zagotovitev skladnosti je nujen pregled spletne strani. Pregled, ki ga izvejamo je tako vsebinski, kot tehnolo\u0161ki. Vsebinski pregled zajema pregled dokumentov in postopkov, ki so na voljo na spletni strani. Tehnolo\u0161ki pregled pa vsebuje pregled uporabljenih tehnologij, pi\u0161kotkov, tujih elementov spletne strani, metod sledenja, povezave in na\u010dini povezav z dru\u017ebenimi omre\u017eji, kot tudi tehnolo\u0161ke re\u0161itve pri izvajanja obdelav, \u010de so le te neposredno povezane z delovanjem spletne strani. Vse na\u0161e stranke, ki jih usklajujemo imajo pregled in navodila za popravke spletnih strani in socialnih omre\u017eij vklju\u010dene v samo storitev, saj je skladnost poslovanja z Uredbo nemogo\u010de dose\u010di brez skladne rabe informacijskih tehnologij, kar v vsakem primeru vklju\u010duje tudi spletne strani. <strong>Redne preglede izvajamo z na\u0161o aplikacijo, ki za to uporablja standardno predpisano metodo Evropske komisije.<\/strong> Redne cikli\u010dne preglede izvajamo tudi za stranke, ki so se bodisi usklajevale same ali pa so jim pri tem pomagali drugi svetovalci. Pogosto se namre\u010d zgodi, da mnogim zmanjka znanja prav na podro\u010dju tehnologije. \u010ce \u017eelite, da vam pomagamo pri uskladitvi, izpolnite <a href=\"https:\/\/eugdpr.si\/\">formular<\/a> na prvi strani.<\/p>\n<\/div>\n\t\t<\/div><\/div><\/div><div id=\"pg-gb451-69f200c0208d3-2\"  class=\"panel-grid panel-no-style\" ><div id=\"pgc-gb451-69f200c0208d3-2-0\"  class=\"panel-grid-cell\" ><div id=\"panel-gb451-69f200c0208d3-2-0-0\" class=\"so-panel widget widget_text panel-first-child panel-last-child\" data-index=\"4\" ><h3 class=\"widget-title\">Potrjevanje skladnosti<\/h3>\t\t\t<div class=\"textwidget\"><p>Po pregledu spletnih strani in podpisu ustreznih dokumentov, ki zagotavljajo, da bo lastnik spletno stran vzdr\u017eeval v ustreznem stanju skladnosti, lastniku in spletni strani izdamo spletno potrdilo (certifikat) o skladnosti spletne strani z Uredbo. Potrdilo o skladnosti z Uredbo je mo\u010dan signal obiskovalcem spletne strani, da so njihovi osebni podatki na tej spletni strani varni, kar pomeni, da ni zadr\u017ekov za to, da vas obiskovalec o va\u0161ih izdelkih in storitvah spro\u0161\u010deno vpra\u0161a, vam napi\u0161e sporo\u010dilo ali vas pokli\u010de po telefonu. Skladnost pa ni zgolj zakonska obveznost, pa\u010d pa velika korist tudi za imetnika spletne strani. <strong>Statistike iz EU ka\u017eejo, da je ve\u010d kot 70% obiskovalcev spletnih strani na varovanje zasebnosti zelo ob\u010dutljiva in jim je varovanje njihove zasebnosti eden bolj pomembnih vidikov varnosti uporabe spletnih tehnologij.<\/strong> Zato zagotovitev skladnosti ni zgolj zakonska obveznost in dru\u017ebena odgovornost vsakega lastnika spletne strani, pa\u010d pa tudi mo\u010dan faktor pove\u010devanja zaupanja in \u0161tevila uspe\u0161nih transakcij, kjer se povpra\u0161evanje za\u010dne na spletu. <strong>Vse ve\u010d obiskovalcev vidi zanemarjanje vpra\u0161anja zasebnosti na spletni strani kot izrazito odbijajo\u010de.<\/strong> Za za\u0161\u010dito spletnega potrdila uporabljamo tehnologijo AuthQ, ki onemogo\u010da zlorabo potrdil in hkrati potrjuje identiteto lastnika spletne strani.<\/p>\n<\/div>\n\t\t<\/div><\/div><div id=\"pgc-gb451-69f200c0208d3-2-1\"  class=\"panel-grid-cell\" ><div id=\"panel-gb451-69f200c0208d3-2-1-0\" class=\"so-panel widget widget_media_image panel-first-child panel-last-child\" data-index=\"5\" ><img loading=\"lazy\" decoding=\"async\" width=\"300\" height=\"169\" src=\"https:\/\/eugdpr.si\/wp-content\/uploads\/2021\/04\/Untitled-design-8-300x169.jpg\" class=\"image wp-image-456  attachment-medium size-medium\" alt=\"\" style=\"max-width: 100%; height: auto;\" srcset=\"https:\/\/eugdpr.si\/wp-content\/uploads\/2021\/04\/Untitled-design-8-300x169.jpg 300w, https:\/\/eugdpr.si\/wp-content\/uploads\/2021\/04\/Untitled-design-8.jpg 750w\" sizes=\"auto, (max-width: 300px) 100vw, 300px\" \/><\/div><\/div><\/div><\/div>","protected":false},"excerpt":{"rendered":"<p>Zakaj skladnost spletne strani in kak\u0161en je namen? Spletna stran komunicira z na\u0161imi obiskovalci. Ker je IP obiskovalca osebni podatek in ga vsak obiskovalec vedno ima, moramo vsa vsebinska vpra\u0161anja skladnosti z obiskovalcem spletne strani razre\u0161iti takoj ob za\u010detku obiska spletne strani in pridobiti nujno strinjanje s politiko zasebnosti, ki mora vsebovati vse klju\u010dne informacije [&hellip;]<\/p>\n","protected":false},"author":3,"featured_media":0,"parent":0,"menu_order":0,"comment_status":"closed","ping_status":"closed","template":"","meta":{"_exactmetrics_skip_tracking":false,"_exactmetrics_sitenote_active":false,"_exactmetrics_sitenote_note":"","_exactmetrics_sitenote_category":0,"footnotes":""},"class_list":["post-451","page","type-page","status-publish","hentry","post"],"_links":{"self":[{"href":"https:\/\/eugdpr.si\/index.php\/wp-json\/wp\/v2\/pages\/451","targetHints":{"allow":["GET"]}}],"collection":[{"href":"https:\/\/eugdpr.si\/index.php\/wp-json\/wp\/v2\/pages"}],"about":[{"href":"https:\/\/eugdpr.si\/index.php\/wp-json\/wp\/v2\/types\/page"}],"author":[{"embeddable":true,"href":"https:\/\/eugdpr.si\/index.php\/wp-json\/wp\/v2\/users\/3"}],"replies":[{"embeddable":true,"href":"https:\/\/eugdpr.si\/index.php\/wp-json\/wp\/v2\/comments?post=451"}],"version-history":[{"count":4,"href":"https:\/\/eugdpr.si\/index.php\/wp-json\/wp\/v2\/pages\/451\/revisions"}],"predecessor-version":[{"id":509,"href":"https:\/\/eugdpr.si\/index.php\/wp-json\/wp\/v2\/pages\/451\/revisions\/509"}],"wp:attachment":[{"href":"https:\/\/eugdpr.si\/index.php\/wp-json\/wp\/v2\/media?parent=451"}],"curies":[{"name":"wp","href":"https:\/\/api.w.org\/{rel}","templated":true}]}}