{"id":37,"date":"2018-08-11T21:22:30","date_gmt":"2018-08-11T19:22:30","guid":{"rendered":"https:\/\/eugdpr.si\/?page_id=37"},"modified":"2026-01-10T01:07:10","modified_gmt":"2026-01-09T23:07:10","slug":"https-eugdpr-si","status":"publish","type":"page","link":"https:\/\/eugdpr.si\/","title":{"rendered":"EU GDPR uskladite poslovanje"},"content":{"rendered":"<div id=\"pl-37\"  class=\"panel-layout\" ><div id=\"pg-37-0\"  class=\"panel-grid panel-no-style\" ><div id=\"pgc-37-0-0\"  class=\"panel-grid-cell\" ><div id=\"panel-37-0-0-0\" class=\"so-panel widget widget_sow-editor panel-first-child panel-last-child\" data-index=\"0\" ><div\n\t\t\t\n\t\t\tclass=\"so-widget-sow-editor so-widget-sow-editor-base\"\n\t\t\t\n\t\t>\n<div class=\"siteorigin-widget-tinymce textwidget\">\n\t<h1>Ste uskladili svoje poslovanje z EU GDPR in ZVOP-2?<\/h1>\n<h5>Lahko vam pomagamo. Poslovanje smo uskladili \u017ee ve\u010djemu \u0161tevilu podjetij v Sloveniji z zelo razli\u010dnimi dejavnostmi, zato opravimo kvalitetno, hitro za razumno ceno. Ni namen, da vam ote\u017eimo poslovanje in zakompliciramo stvari, kot je po uvedbi Uredbe in ZVOP-2 to \u017ee mogo\u010de opaziti v marsikaterem podjetju, ki so se lotili stvari na malce do prete\u017eno neroden na\u010din. \u017delimo, da ohranite \u010dim ve\u010d poslovne in podjetni\u0161ke svobode, da ne izgubljate strank in da se ne izgubljate v neplodnih opravilih, ki nimajo nikakr\u0161nega smisla in da ste kljub temu usklajeni z vsemi zahtevami, ki jih pred vas postavlja GDPR, ZVOP-2, kot tudi EU AI Act. Uskladitev zato vedno pripravimo na na\u010din, da podjetja, klubi ali dru\u0161tva kljub spremenjenim pravilom in okoli\u0161\u010dinam \u0161e vedno lahko delajo brez motenj. Skupaj z uskladitvijo dobite tudi dostop do spletne aplikacije, kjer boste brez te\u017eav vodili potrebne evidence, kot tudi hranili dokumentacijo. Uskladitev je, \u010de tako \u017eelite popolnoma \"brezpapirna\".<\/h5>\n<h5>Pokli\u010dite 041 835 260 ali izpolnite obrazec z vpra\u0161anjem.<\/h5>\n<\/div>\n<\/div><\/div><\/div><\/div><div id=\"pg-37-1\"  class=\"panel-grid panel-no-style\" ><div id=\"pgc-37-1-0\"  class=\"panel-grid-cell\" ><div id=\"panel-37-1-0-0\" class=\"widget_text so-panel widget widget_custom_html panel-first-child\" data-index=\"1\" ><div class=\"widget_text panel-widget-style panel-widget-style-for-37-1-0-0\" ><h3 class=\"widget-title\">Brezpla\u010den pregled stanja?<\/h3><div class=\"textwidget custom-html-widget\">\n<div class=\"wpcf7 no-js\" id=\"wpcf7-f10-o1\" lang=\"sl-SI\" dir=\"ltr\" data-wpcf7-id=\"10\">\n<div class=\"screen-reader-response\"><p role=\"status\" aria-live=\"polite\" aria-atomic=\"true\"><\/p> <ul><\/ul><\/div>\n<form action=\"\/index.php\/wp-json\/wp\/v2\/pages\/37#wpcf7-f10-o1\" method=\"post\" class=\"wpcf7-form init\" aria-label=\"Kontaktni obrazec\" novalidate=\"novalidate\" data-status=\"init\">\n<fieldset class=\"hidden-fields-container\"><input type=\"hidden\" name=\"_wpcf7\" value=\"10\" \/><input type=\"hidden\" name=\"_wpcf7_version\" value=\"6.1.5\" \/><input type=\"hidden\" name=\"_wpcf7_locale\" value=\"sl_SI\" \/><input type=\"hidden\" name=\"_wpcf7_unit_tag\" value=\"wpcf7-f10-o1\" \/><input type=\"hidden\" name=\"_wpcf7_container_post\" value=\"0\" \/><input type=\"hidden\" name=\"_wpcf7_posted_data_hash\" value=\"\" \/><input type=\"hidden\" name=\"_wpcf7_recaptcha_response\" value=\"\" \/>\n<\/fieldset>\n<p><label> Ime in priimek (zahtevano)<br \/>\n<span class=\"wpcf7-form-control-wrap\" data-name=\"your-name\"><input size=\"40\" maxlength=\"400\" class=\"wpcf7-form-control wpcf7-text wpcf7-validates-as-required\" aria-required=\"true\" aria-invalid=\"false\" value=\"\" type=\"text\" name=\"your-name\" \/><\/span> <\/label>\n<\/p>\n<p><label> Podjetje (zahtevano)<br \/>\n<span class=\"wpcf7-form-control-wrap\" data-name=\"your-company\"><input size=\"40\" maxlength=\"400\" class=\"wpcf7-form-control wpcf7-text wpcf7-validates-as-required\" aria-required=\"true\" aria-invalid=\"false\" value=\"\" type=\"text\" name=\"your-company\" \/><\/span> <\/label>\n<\/p>\n<p><label> E-po\u0161ta (zahtevano)<br \/>\n<span class=\"wpcf7-form-control-wrap\" data-name=\"your-email\"><input size=\"40\" maxlength=\"400\" class=\"wpcf7-form-control wpcf7-email wpcf7-validates-as-required wpcf7-text wpcf7-validates-as-email\" aria-required=\"true\" aria-invalid=\"false\" value=\"\" type=\"email\" name=\"your-email\" \/><\/span> <\/label>\n<\/p>\n<p><label> Telefonska \u0161tevilka (zahtevano)<br \/>\n<span class=\"wpcf7-form-control-wrap\" data-name=\"tel-200\"><input size=\"40\" maxlength=\"400\" class=\"wpcf7-form-control wpcf7-tel wpcf7-validates-as-required wpcf7-text wpcf7-validates-as-tel\" aria-required=\"true\" aria-invalid=\"false\" value=\"\" type=\"tel\" name=\"tel-200\" \/><\/span> <\/label>\n<\/p>\n<p><label> Tema vpra\u0161anja (opcijsko)<br \/>\n<span class=\"wpcf7-form-control-wrap\" data-name=\"your-subject\"><input size=\"40\" maxlength=\"400\" class=\"wpcf7-form-control wpcf7-text\" aria-invalid=\"false\" value=\"\" type=\"text\" name=\"your-subject\" \/><\/span> <\/label>\n<\/p>\n<p><label> Vpra\u0161anje (opcijsko)<br \/>\n<span class=\"wpcf7-form-control-wrap\" data-name=\"your-message\"><textarea cols=\"40\" rows=\"10\" maxlength=\"2000\" class=\"wpcf7-form-control wpcf7-textarea\" aria-invalid=\"false\" name=\"your-message\"><\/textarea><\/span> <\/label>\n<\/p>\n<p><label>Upravljavec osebnih podatkov VIVA.FIT d.o.o. in njegovi obdelovalci osebne podatke hranimo in obdelujemo v skladu z evropsko Uredbo o varovanju osebnih podatkov in Zakonom o varovanju osebnih podatkov. Dajem privolitev za naslednje obdelave:<\/label><br \/>\n<span class=\"wpcf7-form-control-wrap\" data-name=\"checkbox-698\"><span class=\"wpcf7-form-control wpcf7-checkbox\"><span class=\"wpcf7-list-item first\"><input type=\"checkbox\" name=\"checkbox-698[]\" value=\"strinjam se, da me informirate o tem kaj se dogaja na podro\u010dju varovanja zasebnosti\" \/><span class=\"wpcf7-list-item-label\">strinjam se, da me informirate o tem kaj se dogaja na podro\u010dju varovanja zasebnosti<\/span><\/span><span class=\"wpcf7-list-item\"><input type=\"checkbox\" name=\"checkbox-698[]\" value=\"strinjam se s po\u0161iljanjem novic s spleta\" \/><span class=\"wpcf7-list-item-label\">strinjam se s po\u0161iljanjem novic s spleta<\/span><\/span><span class=\"wpcf7-list-item\"><input type=\"checkbox\" name=\"checkbox-698[]\" value=\"strinjam se z vabili na dogodke\" \/><span class=\"wpcf7-list-item-label\">strinjam se z vabili na dogodke<\/span><\/span><span class=\"wpcf7-list-item\"><input type=\"checkbox\" name=\"checkbox-698[]\" value=\"strinjam se, da me obve\u0161\u010date o posebnih dogodkih in prilo\u017enostih\" \/><span class=\"wpcf7-list-item-label\">strinjam se, da me obve\u0161\u010date o posebnih dogodkih in prilo\u017enostih<\/span><\/span><span class=\"wpcf7-list-item last\"><input type=\"checkbox\" name=\"checkbox-698[]\" value=\"strinjam se, da mi po\u0161ljete publikacije s podro\u010dja varovanja zasebnosti\" \/><span class=\"wpcf7-list-item-label\">strinjam se, da mi po\u0161ljete publikacije s podro\u010dja varovanja zasebnosti<\/span><\/span><\/span><\/span>\n<\/p>\n\n<p><input class=\"wpcf7-form-control wpcf7-submit has-spinner\" type=\"submit\" value=\"Po\u0161lji\" \/>\n<\/p><div class=\"wpcf7-response-output\" aria-hidden=\"true\"><\/div>\n<\/form>\n<\/div>\n<\/div><\/div><\/div><div id=\"panel-37-1-0-1\" class=\"so-panel widget widget_sow-editor\" data-index=\"2\" ><div\n\t\t\t\n\t\t\tclass=\"so-widget-sow-editor so-widget-sow-editor-base\"\n\t\t\t\n\t\t><h3 class=\"widget-title\">Zakaj EUGDPR.si?<\/h3>\n<div class=\"siteorigin-widget-tinymce textwidget\">\n\t<h5>- ker smo sodelovali pri nastajanju GDPR, zahteve tudi vsebinsko zares dobro poznamo<\/h5>\n<h5>- ker vemo, da je osnovni namen poiskati optimalno uskladitev in zagotoviti enostavno, a pravilno poslovanje<\/h5>\n<h5>- ker smo uskladili \u017ee ve\u010d kot 700 razli\u010dnih subjektov in ker poznamo celo vrsto tipi\u010dnih problemov, ki jih najverjetneje imate<\/h5>\n<h5>- ker poznamo tehnologijo, tehnolo\u0161ke zahteve in re\u0161itve in vam jih pomagamo implementirati<\/h5>\n<h5>- ker so GDPR, ZVOP-2 kot tudi EU AI Act izrazito tehnolo\u0161ki zakoni, se jih zgolj s \"papirjem\" ne da urediti<\/h5>\n<h5>- ker bo z zalogo na\u0161ih znanj in izku\u0161enj uskladitev hitra, enostavna in cenovno ugodna<\/h5>\n<h5>- preglejte <a href=\"http:\/\/eugdpr.com\" target=\"_blank\" rel=\"noopener\">eugdpr.com<\/a><\/h5>\n<\/div>\n<\/div><\/div><div id=\"panel-37-1-0-2\" class=\"so-panel widget widget_sow-editor panel-last-child\" data-index=\"3\" ><div\n\t\t\t\n\t\t\tclass=\"so-widget-sow-editor so-widget-sow-editor-base\"\n\t\t\t\n\t\t><h3 class=\"widget-title\">Obi\u010dajen postopek uskladitve<\/h3>\n<div class=\"siteorigin-widget-tinymce textwidget\">\n\t<h5>- pregled stanja<\/h5>\n<h5>- popis stanja in na\u010drt uskladitve<\/h5>\n<h5>- priprava potrebne dokumentacije - 5 sklopov<\/h5>\n<ul>\n<li style=\"list-style-type: none;\">\n<ul>\n<li><strong>pravilniki<\/strong><br \/>\nO varovanju osebnih podatkov<br \/>\nVideonadzor<br \/>\nUporaba umetne inteligence<\/li>\n<li><strong>zbirke, evidenca obdelav<\/strong><br \/>\nZbirke (tudi v pisni obliki)<br \/>\nEvidence obdelav (samo v elektronski obliki)<\/li>\n<li><strong>komunikacija z zunanjim svetom (vsebina, tehnologija)<\/strong><br \/>\nPregled vseh to\u010dk komunikacije<br \/>\nNa\u0161e<br \/>\nTehnolo\u0161ke<br \/>\nUreditev strinjanj<\/li>\n<li><strong>ureditev odnosov z obdelovalci<\/strong><br \/>\nPogodbe o obdelavi<br \/>\nPogodbe o soupravljanju??<\/li>\n<li><strong>ocena u\u010dinka (da\/ne)<\/strong><br \/>\nSe izognemo, \u010de lahko.<\/li>\n<\/ul>\n<\/li>\n<\/ul>\n<h5>- pomo\u010d pri implementaciji v tok dokumentov (\u010de je to potrebno, obi\u010dajno so stvari enostavne)<\/h5>\n<h5>- pomo\u010d pri implementaciji - tehnolo\u0161ke re\u0161itve (\u010de je to potrebno)<\/h5>\n<h5>- dostop do aplikacije za vodenje vsega potrebnega za skladnost z GDPR, ZVOP-2 in EU AI Act<\/h5>\n<h5>- preverjanje pravilnosti in certifikacija skladnosti spletne strani<\/h5>\n<\/div>\n<\/div><\/div><\/div><div id=\"pgc-37-1-1\"  class=\"panel-grid-cell\" ><div id=\"panel-37-1-1-0\" class=\"so-panel widget widget_sow-editor panel-first-child panel-last-child\" data-index=\"4\" ><div\n\t\t\t\n\t\t\tclass=\"so-widget-sow-editor so-widget-sow-editor-base\"\n\t\t\t\n\t\t><h3 class=\"widget-title\">Problemi in vpra\u0161anja<\/h3>\n<div class=\"siteorigin-widget-tinymce textwidget\">\n\t<h5><strong>Kdo mora uskladiti svoje poslovanje?<\/strong> Vse pravne osebe in samostojni podjetniki, dru\u0161tva, klubi, ... vsi. Pomembno dejstvo je, da izhodi\u0161\u010de nove Uredbe izhaja iz pravice posameznika, nosilca osebnih podatkov, kar zgolj kot posledico dolo\u010da odgovornost upravljavcev in obdelovalcev. Kar z drugimi besedami pomeni, da ni tako zelo pomembno ali ste d.o.o., dru\u0161tvo, klub, s.p. ali morda karkoli drugega. Obseg uskladitve je v prvi vrsti odvisen od tega, kak\u0161no stopnjo tveganja predstavljate za imetnike osebnih podatkov, ki jih hranite v svojih zbirkah, koliko in kak\u0161ne vrste osebnih podatkov hranite, katere so obdelave, ki jih izvajate, kdo so va\u0161i obdelovalci podatkov, postopki, kak\u0161no tehnologijo uporabljate, kot tudi na\u010din varovanja ter vse ostalo kar sodi zraven.<\/h5>\n<h5><strong>Problem obdelovalcev osebnih podatkov, ki niso usklajeni.<\/strong> Obdelovalci podatkov, kot podjetja, ki prodajajo gostovanja, ra\u010dunovodski servisi, vzdr\u017eevalci programske in strojne opreme, podjetja ki delajo na podro\u010dju varstva pri delu in podobno so v velikem \u0161tevilu neusklajeni in ne izpolnjujejo zahtev, ki jih zahteva Uredba. Odgovornost za varovanje osebnih podatkov je na\u010deloma na upravljavcu, ki pa mora poskrbeti, da podatki iz njegovih zbirk osebnih podatkov ne bodo u\u0161li nadzoru pri obdelovalcu. Zato se morajo vsi obdelovalci zavezati za varovanje osebnih podatkov v skladu z Uredbo, da pa to lahko storijo, se morajo v vsakem primeru najprej uskladiti sami.<\/h5>\n<h5><strong>Problem tehnologije in tehnolo\u0161kega okvira GDPR, ZVOP-2 in EU AI Act. V<\/strong> tehnolo\u0161kih zahtevah predpostavljamo, da je tehnologija, ki jo uporabljamo skladna (by design compliant, kot to zahteva GDPR) in omogo\u010da pravilno izvajanje zakona. Kar v mnogih primerih na na\u0161o in va\u0161o nesre\u010do ne dr\u017ei in kar lahko predstavlja te\u017eave. Ki jih je treba tako ali druga\u010de re\u0161iti. Posebno vpra\u0161anje predstavlja tudi skladnost spletnih strani, posebej \u0161e, ker je IP obiskovalca deklariran kot osebni podatek in moramo v vsakem primeru z obiskovalcem spletne strani takoj v samem za\u010detku obiska spletne strani raz\u010distiti vsa vpra\u0161anja, ki zadevajo zasebnost in s tem na\u0161o skladnost z uredbo.<\/h5>\n<h5><strong>Ocena u\u010dinka.<\/strong> V nekaterih primerih podjetij je v primeru, da s svojim poslovanjem spadajo v eno od skupin, kjer s svojimi obdelavami pomenijo posebno tveganje za imetnike osebnih podatkov, so zahteve za varovanje osebnih podatkov pogojene z izdelavo ocene u\u010dinka, je certificiranje informacijske varnosti z ISO27001 precej smiselno. S certifikacijo ISO 27001 je namre\u010d ve\u010d kot polovica varnostnih tveganj, ki izhajajo iz zahtev GDPR precej bolj pod nadzorom, postopek priprave ocene u\u010dinka pa hitrej\u0161a in enostavnej\u0161a.<\/h5>\n<h5><strong>Na\u010din re\u0161evanja problema. <\/strong>Predavanja brez konkretnih re\u0161itev in teoretiziranje ni na\u010din, ki re\u0161uje konkretne probleme podjetij pri uskladitvi poslovanja z EU GDPR. Verjetno imate le redki ambicijo, da Vi postanete strokovnjaki za varovanje zasebnosti. Zato se zavedamo, da moramo mi re\u0161iti va\u0161 problem. Z va\u0161im sodelovanjem seveda. Na na\u010din, da bo bole\u010dih, nadle\u017enih in slabih sprememb \u010dim manj.<\/h5>\n<h5><strong>Smiselni ukrepi, slabo okolje.<\/strong> Vsi \u017eelimo, da se na\u0161i osebni podatki ne zlorabljajo. Zato je GDPR dober. Obenem pa je tehnolo\u0161ko okolje v katero so ume\u0161\u010deni GDPR, ZVOP-2 in EU AI Act izrazito neregulirano in v marsi\u010dem rado zapleta izvajanje v skladu z namenom zakona. Uskladitev pa je kljub vsemu nujna.<\/h5>\n<p><img loading=\"lazy\" decoding=\"async\" class=\"alignnone size-full wp-image-504 aligncenter\" src=\"https:\/\/eugdpr.si\/wp-content\/uploads\/2026\/01\/ekranprogram.png\" alt=\"\" width=\"604\" height=\"583\" srcset=\"https:\/\/eugdpr.si\/wp-content\/uploads\/2026\/01\/ekranprogram.png 604w, https:\/\/eugdpr.si\/wp-content\/uploads\/2026\/01\/ekranprogram-300x290.png 300w\" sizes=\"auto, (max-width: 604px) 100vw, 604px\" \/><\/p>\n<h5>Ker vam moramo stvari \u010dim bolj olaj\u0161ati, je v podporo celotni uskladitvi<strong> pripravljena spletna aplikacija<\/strong> s katero vodite vse evidence, spletna aplikacija izvaja skaniranje va\u0161e spletne strani z EU standardiziranim postopkom preverjanja pi\u0161kotkov, lokalne shrambe, tujih elementov, metod sledenja, kot tudi potencialno \u0161kodljive kode in vsega ostalega, kar je za obiskovalca va\u0161e spletne strani pomembno. Spletna aplikacija omogo\u010da \"brezpapirno\" uskladitev, \u010de \u017eelite, saj je znotraj aplikacije vse, kar potrebujete za skladno poslovanje. Seveda pa moramo tisto, kar smo pripravili in uskladiti tudi ustrezno izvajati.<\/h5>\n<\/div>\n<\/div><\/div><\/div><\/div><div id=\"pg-37-2\"  class=\"panel-grid panel-no-style\" ><div id=\"pgc-37-2-0\"  class=\"panel-grid-cell\" ><div id=\"panel-37-2-0-0\" class=\"so-panel widget widget_sow-editor panel-first-child panel-last-child\" data-index=\"5\" ><div\n\t\t\t\n\t\t\tclass=\"so-widget-sow-editor so-widget-sow-editor-base\"\n\t\t\t\n\t\t>\n<div class=\"siteorigin-widget-tinymce textwidget\">\n\t<h1><strong>Uskladitev je neizbe\u017ena. Odlo\u010ditev je zato preprosta. Pred, ali po nevihti.<\/strong><\/h1>\n<p style=\"text-align: right;\">univ. dipl. prof. Anka Lipi\u010dnik<br \/>\ncertificiran Data Protection Officer<br \/>\nDPO - Univerza Maastricht<br \/>\nDPO - SIQ Slovenija<br \/>\nvodja projekta EUGDPR.si<\/p>\n<p>&nbsp;<\/p>\n<\/div>\n<\/div><\/div><\/div><\/div><\/div>","protected":false},"excerpt":{"rendered":"<p>Ste uskladili svoje poslovanje z EU GDPR in ZVOP-2? Lahko vam pomagamo. Poslovanje smo uskladili \u017ee ve\u010djemu \u0161tevilu podjetij v Sloveniji z zelo razli\u010dnimi dejavnostmi, zato opravimo kvalitetno, hitro za razumno ceno. Ni namen, da vam ote\u017eimo poslovanje in zakompliciramo stvari, kot je po uvedbi Uredbe in ZVOP-2 to \u017ee mogo\u010de opaziti v marsikaterem podjetju, [&hellip;]<\/p>\n","protected":false},"author":2,"featured_media":0,"parent":0,"menu_order":0,"comment_status":"closed","ping_status":"closed","template":"","meta":{"_exactmetrics_skip_tracking":false,"_exactmetrics_sitenote_active":false,"_exactmetrics_sitenote_note":"","_exactmetrics_sitenote_category":0,"footnotes":""},"class_list":["post-37","page","type-page","status-publish","hentry","post"],"_links":{"self":[{"href":"https:\/\/eugdpr.si\/index.php\/wp-json\/wp\/v2\/pages\/37","targetHints":{"allow":["GET"]}}],"collection":[{"href":"https:\/\/eugdpr.si\/index.php\/wp-json\/wp\/v2\/pages"}],"about":[{"href":"https:\/\/eugdpr.si\/index.php\/wp-json\/wp\/v2\/types\/page"}],"author":[{"embeddable":true,"href":"https:\/\/eugdpr.si\/index.php\/wp-json\/wp\/v2\/users\/2"}],"replies":[{"embeddable":true,"href":"https:\/\/eugdpr.si\/index.php\/wp-json\/wp\/v2\/comments?post=37"}],"version-history":[{"count":131,"href":"https:\/\/eugdpr.si\/index.php\/wp-json\/wp\/v2\/pages\/37\/revisions"}],"predecessor-version":[{"id":511,"href":"https:\/\/eugdpr.si\/index.php\/wp-json\/wp\/v2\/pages\/37\/revisions\/511"}],"wp:attachment":[{"href":"https:\/\/eugdpr.si\/index.php\/wp-json\/wp\/v2\/media?parent=37"}],"curies":[{"name":"wp","href":"https:\/\/api.w.org\/{rel}","templated":true}]}}