{"id":35,"date":"2018-08-11T21:21:51","date_gmt":"2018-08-11T19:21:51","guid":{"rendered":"https:\/\/eugdpr.si\/?page_id=35"},"modified":"2021-08-23T20:38:00","modified_gmt":"2021-08-23T18:38:00","slug":"eu-gdpr-izjava-o-zasebnosti","status":"publish","type":"page","link":"https:\/\/eugdpr.si\/index.php\/eu-gdpr-izjava-o-zasebnosti\/","title":{"rendered":"Izjava o zasebnosti"},"content":{"rendered":"<h1><strong>Politika zasebnosti\u00a0\u00a0\u00a0\u00a0\u00a0\u00a0\u00a0\u00a0\u00a0\u00a0\u00a0\u00a0\u00a0\u00a0 <\/strong><\/h1>\n<p>Ta politika zasebnosti ureja zbiranje, hrambo in obdelavo osebnih podatkov, ki jih Viva.Fit d.o.o. zbira od vas, ko se naro\u010dite na prejemanje vsebin kot so e-novice, vabila na dogodke ali podobno.<\/p>\n<h2><strong>Upravljavec\u00a0\u00a0\u00a0\u00a0\u00a0\u00a0\u00a0\u00a0\u00a0\u00a0\u00a0\u00a0\u00a0\u00a0\u00a0\u00a0\u00a0\u00a0 <\/strong><\/h2>\n<p>Upravljavec osebnih podatkov v pomenu, kot ga dolo\u010data Splo\u0161na uredba EU o varstvu osebnih podatkov in veljavni zakon, ki ureja varstvo osebnih podatkov &#8211; GDPR je:<\/p>\n<p>Viva.Fit d.o.o.<br \/>\nKersnikova 1, 1241 Kamnik.<br \/>\nID DDV: SI35205989<\/p>\n<h2><strong>Osebni podatki in namen njihove obdelave\u00a0\u00a0\u00a0\u00a0\u00a0\u00a0\u00a0\u00a0\u00a0\u00a0\u00a0\u00a0\u00a0\u00a0\u00a0\u00a0\u00a0\u00a0\u00a0\u00a0\u00a0\u00a0\u00a0\u00a0\u00a0\u00a0\u00a0 <\/strong><\/h2>\n<p>V kolikor \u017eelite prejemati vsebine Viva.Fit d.o.o. se lahko prijavite ali odjavite na naslednje obdelave:<\/p>\n<ul>\n<li>redne e-novice<\/li>\n<li>vabila na dogodke<\/li>\n<li>obvestila o posebnih akcijah in prilo\u017enostih<\/li>\n<li>publikacije<\/li>\n<\/ul>\n<p>Z izpolnitvijo teh obrazcev, naro\u010dilnice, prijave oziroma registracije in potrditvijo posredujete Viva.Fit d.o.o. naslednje kontaktne podatke:<\/p>\n<ul>\n<li>ime<\/li>\n<li>priimek<\/li>\n<li>e-po\u0161tni naslov<\/li>\n<li>telefonsko \u0161tevilko<\/li>\n<\/ul>\n<p>Kontaktne podatke, ki nam jih posredujete ob izpolnitvi oz. oddaji teh obrazcev, naro\u010dilnice, prijave oziroma registracije potrebujemo za obdelavo va\u0161ega naro\u010dila in za komunikacijo z vami glede konkretnih e-novic, dogodkov, obvestil o posebnih akcijah ali publikacij. Viva.Fit d.o.o. spo\u0161tuje va\u0161o zasebnost in je zavezana, da pri zbiranju, hrambi in obdelavi osebnih podatkov ravna skrbno in v skladu z veljavnimi predpisi o varstvu osebnih podatkov. Ker obstajajo v spletnem informacijskem sistemu Viva.Fit d.o.o. povezave na druge, zunanje spletne strani, ki niso neposredno vezane na Viva.Fit d.o.o., ne prevzemamo nikakr\u0161ne odgovornosti za za\u0161\u010dito podatkov na teh spletnih straneh. Da bi prepre\u010dili nepoobla\u0161\u010den dostop do pridobljenih podatkov ali njihovo razkritje, ohranili natan\u010dnost osebnih podatkov in zagotovili njihovo ustrezno uporabo, uporabljamo ustrezne tehni\u010dne in organizacijske postopke za zavarovanje podatkov, ki jih zbiramo. Viva.Fit d.o.o. ne more v celoti izklju\u010diti morebitnega odtekanja ali zlorabe podatkov, saj so spletne tehnologije odprte za javnost in tako lahko \u017ertev ra\u010dunalni\u0161kih vdorov in kot take nepredvidljive.<\/p>\n<p><strong>OPOZORILO:<\/strong> EU GDPR ne predpisuje posebnih tehni\u010dnih ukrepov varovanja identitete ponudnika spletne strani oz. upravljavca, kot tudi ne predpisuje izkazovanja identitete obiskovalca spletne strani. Zato so zahteve po varovanju osebnih podatkov do dopolnitve predpisa o varovanju in obveznosti izkazovanja identitete upravljavca prepu\u0161\u010dene posamezniku, da se sam odlo\u010da ali verjame izkazani neza\u0161\u010diteni identiteti upravljavca, ki naj bi jo upravljal. Upravljavec tudi ne jam\u010di, da je lahko prepri\u010dan, da je strinjanje pridobil od posameznika, ki naj bi se strinjal s pogoji obve\u0161\u010danja, saj se posameznik proti upravljavcu v postopku potrjevanja ne identificira na enoli\u010den in preverljiv na\u010din.<\/p>\n<h2><strong>Seznam spletnih mest, ki jih upravlja upravljalec<\/strong><\/h2>\n<p>Podjetje Viva.Fit d.o.o. upravlja spletno stran:<\/p>\n<table>\n<tbody>\n<tr>\n<td width=\"276\"><strong>Spletne strani<\/strong><\/td>\n<td width=\"653\"><strong>Opis spletne strani<\/strong><\/td>\n<\/tr>\n<tr>\n<td width=\"276\">EUGDPR.si<\/td>\n<td width=\"653\">Informativno prodajna spletna stran.<\/td>\n<\/tr>\n<\/tbody>\n<\/table>\n<h2><strong>Soglasje\u00a0\u00a0\u00a0\u00a0\u00a0\u00a0\u00a0\u00a0\u00a0\u00a0\u00a0\u00a0\u00a0\u00a0\u00a0\u00a0\u00a0\u00a0\u00a0\u00a0\u00a0\u00a0\u00a0\u00a0\u00a0 <\/strong><\/h2>\n<p>Osebne podatke, ki nam jih posredujete ob prijavi na e-novice, dogodkih, obvestilih o posebnih prilo\u017enostih ali publikacij in ostale produkte Viva.Fit d.o.o. obdelujemo z va\u0161im jasnim in nedvoumnim soglasjem, ki temelji na \u010dlenu 6 (1), (a) Splo\u0161ne uredbe EU o varstvu osebnih podatkov (GDPR). Z namenom izbolj\u0161ave kakovosti na\u0161ih produktov in storitev in za statisti\u010dne namene, v zvezi z elektronskimi sporo\u010dili, ki vam jih po\u0161iljamo, obdelujemo tudi podatke o prikazih prejetih sporo\u010dil in klikih na povezave v prejetih sporo\u010dilih.<\/p>\n<p>Soglasje za obdelavo osebnih podatkov podate s tem, ko na spletnih straneh Viva.Fit d.o.o. na teh obrazcih, naro\u010dilnicah, prijavah oziroma registracijah vpi\u0161ete svoje osebne podatke in se strinjate z vsako posami\u010dno obdelavo na katero pristanete. Pri vpisu osebnih podatkov Viva.Fit d.o.o. ne pogojuje privolitve v obdelavo pri obdelavah, kjer namen presega osnovni namen obdelave zaradi katere ste pri\u0161li na spletno stran.<\/p>\n<p>Upravljavec Viva.Fit d.o.o. za obve\u0161\u010danje o spremembah pogojev poslovanja in spremembah politike zasebnosti uporablja storitev po\u0161iljanja dokazljive elektronske po\u0161te. Zato boste o spremembah obve\u0161\u010deni na na\u010din, ki upravljavcu zagotavlja dokaz o pravo\u010dasni obve\u0161\u010denosti glede sprememb pogojev poslovanja oziroma politiki zasebnosti.<\/p>\n<p>Osebne podatke za namene, kot ga dolo\u010da veljavna zakonodaja in kjer ni potrebna privolitev, ker je pravna podlaga obstoje\u010da zakonodaja (npr. hranjenje ra\u010dunov, sklenjenih pogodb in podobno) hranimo in varujemo v skladu z Splo\u0161no uredbo EU o varstvu osebnih podatkov (GDPR).<\/p>\n<h2><strong>Va\u0161e pravice<\/strong><\/h2>\n<p>V skladu z dolo\u010dili Splo\u0161ne uredbe EU o varstvu osebnih podatkov (GDPR) imate pravico do dostopa do va\u0161ih osebnih podatkov, pravico do popravka, pravico do izbrisa (&#8220;pozabe&#8221;), pravico do prenosljivosti, pravico zahtevati omejitev obdelave osebnih podatkov in pravico do ugovora.<\/p>\n<p>\u010ce mislite, da so va\u0161e pravice na spletnih straneh podjetja Viva.Fit d.o.o. kakorkoli kr\u0161ene se lahko obrnete na: Informacijski poobla\u0161\u010denec Republike Slovenije (Zalo\u0161ka 59, 1241 Kamnik, telefon: 01 230 97 30, faks: 01 230 97 78, e-po\u0161ta:gp.ip@ip-rs.si).<\/p>\n<h2><strong>\u010cas hrambe osebnih podatkov\u00a0\u00a0\u00a0\u00a0\u00a0\u00a0\u00a0\u00a0\u00a0\u00a0\u00a0\u00a0\u00a0\u00a0\u00a0\u00a0\u00a0\u00a0\u00a0\u00a0\u00a0\u00a0\u00a0 <\/strong><\/h2>\n<p>Va\u0161e osebne podatke hranimo toliko \u010dasa, kolikor je to potrebno za namen po\u0161iljanja vsebin novic, vabil na dogodke, publikacij. Rok hrambe osebnih podatkov se lahko razlikuje glede na veljavno sektorsko zakonodajo (npr. zakonodaja s podro\u010dja davkov, ra\u010dunovodstva). V primeru, ko veljavna sektorska zakonodaja dolo\u010da obvezne roke za hrambo osebnih podatkov, Viva.Fit d.o.o. izbri\u0161e osebne podatke po poteku z zakonom predpisanega obveznega roka.<\/p>\n<h2><strong>Pi\u0161kotki\u00a0\u00a0\u00a0\u00a0\u00a0\u00a0\u00a0\u00a0\u00a0\u00a0\u00a0\u00a0\u00a0\u00a0\u00a0\u00a0\u00a0\u00a0\u00a0\u00a0\u00a0\u00a0\u00a0\u00a0\u00a0\u00a0 <\/strong><\/h2>\n<p>Kaj so pi\u0161kotki?<\/p>\n<p>Pi\u0161kotek je datoteka, ki shrani nastavitve spletnih strani. Spletna mesta pi\u0161kotke shranijo v naprave uporabnikov, s katerimi dostopajo do interneta z namenom prepoznavanja posameznih naprav in nastavitev, ki so jih uporabniki uporabili pri dostopu. Pi\u0161kotki omogo\u010dajo spletnim stranem prepoznavanje, \u010de je uporabnik \u017ee obiskal to spletno mesto in pri naprednih aplikacijah se lahko z njihovo pomo\u010djo ustrezno prilagodijo posamezne nastavitve. Njihovo shranjevanje je pod popolnim nadzorom brskalnika, ki ga uporablja uporabnik &#8211; ta lahko shranjevanje pi\u0161kotkov po \u017eelji omeji ali onemogo\u010di.<\/p>\n<h2><strong>Zakaj so pi\u0161kotki potrebni?\u00a0\u00a0\u00a0\u00a0\u00a0\u00a0\u00a0\u00a0\u00a0\u00a0\u00a0\u00a0\u00a0\u00a0\u00a0\u00a0 <\/strong><\/h2>\n<p>Pi\u0161kotki so temeljnega pomena za zagotavljanje uporabniku prijaznih spletnih storitev; najpogostej\u0161e funkcije e-poslovanja ne bi bile mogo\u010de brez pi\u0161kotkov. Interakcija med spletnim uporabnikom in spletno stranjo je s pomo\u010djo pi\u0161kotkov hitrej\u0161a in enostavnej\u0161a. Z njihovo pomo\u010djo si spletna stran zapomni posameznikove preference in izku\u0161nje, brskanje po spletnih straneh pa je s tem bolj u\u010dinkovito in prijetno. Razlogov za uporabo pi\u0161kotkov je ve\u010d. Uporabljajo se za shranjevanje podatkov o stanju posamezne spletne strani (podrobnosti o prilagoditvah posamezne spletne strani), pomagajo pri izvajanju spletnih storitev (npr. spletne trgovine), pomagajo pri zbiranju statistik o uporabnikih in obiskanosti spletnega mesta, o navadah spletnega uporabnika , itd. S pomo\u010djo pi\u0161kotkov lahko torej ocenimo u\u010dinkovitost zasnove na\u0161ega spletnega mesta.<\/p>\n<h2><strong>Seznam pi\u0161kotkov na na\u0161i spletni strani:<\/strong><\/h2>\n<p><script id=\"CookieDeclaration\" src=\"https:\/\/consent.cookiebot.com\/f99bbe34-65fb-4300-90ca-eb61a1eb6275\/cd.js\" async=\"\" type=\"text\/javascript\"><\/script><br \/>\nPi\u0161kotki, ki jih uporabljamo na na\u0161i spletni strani, ne zbirajo va\u0161ih osebnih podatkov, s katerimi bi vas bilo mogo\u010de osebno prepoznati in ne morejo po\u0161kodovati va\u0161ega ra\u010dunalnika, tablice ali mobilnega telefona. Pi\u0161kotki omogo\u010dajo delovanje na\u0161ega spletnega mesta in nam pomagajo razumeti, katere informacije so najkoristnej\u0161i za obiskovalce.<\/p>\n<h2><strong>Priglasitev\u00a0\u00a0\u00a0\u00a0\u00a0\u00a0\u00a0\u00a0\u00a0\u00a0\u00a0\u00a0\u00a0\u00a0\u00a0\u00a0\u00a0\u00a0\u00a0\u00a0\u00a0 <\/strong><\/h2>\n<p>Z uporabo teh spletnih mesta, kot so navedeni v seznamu spletnih mest, ki jih upravlja upravljavec se strinjate, da ta spletna mesta nastavijo pi\u0161kotke na va\u0161em ra\u010dunalniku ali mobilni napravi do preklica ali izbrisa do katerega imate pravico in jih v svojem brskalniku upravljate sami.<\/p>\n<h2><strong>Upravljanje in brisanje pi\u0161kotkov<\/strong><\/h2>\n<p>\u010ce \u017eelite spremeniti na\u010din uporabe pi\u0161kotkov v brskalniku, vklju\u010dno z blokiranjem ali izbrisom, lahko to storite z ustrezno spremembo nastavitev brskalnika. Za upravljanje pi\u0161kotkov vam ve\u010dina brskalnikov omogo\u010da, da sprejmete ali zavrnete vse pi\u0161kotke, sprejmete samo dolo\u010deno vrsto pi\u0161kotkov ali pa vas opozori, da stran \u017eeli shraniti pi\u0161kotek. Pi\u0161kotke, ki jih je brskalnik shranil, lahko tudi enostavno izbri\u0161ete. \u010ce spremenite ali izbri\u0161ete brskalnikovo datoteko s pi\u0161kotki, spremenite ali nagradite va\u0161 brskalnik ali napravo, boste morda morali ponovno onemogo\u010diti pi\u0161kotke. Postopek za upravljanje in brisanje pi\u0161kotkov se razlikuje od brskalnika do brskalnika. \u010ce pri tem potrebujete pomo\u010d, lahko pogledate v brskalnikovi pomo\u010di uporabnikom. Pi\u0161kotke s te spletne strani lahko odstranite tudi s klikom na spodnjo povezavo.<\/p>\n<h2><strong>Tuji elementi spletne strani\u00a0 \u00a0 \u00a0 \u00a0 \u00a0 \u00a0 \u00a0 \u00a0 \u00a0 \u00a0 \u00a0\u00a0<\/strong><\/h2>\n<p>Tuji elementi spletne strani so povezani z dobavitelji storitev, ki jih spletna stran uporablja za svoje delovanje in se nalagajo neposredno s spletnih strani obdelovalcev. Tuje spletne strani, ki so prisotne na spletni strani bodo dobile podatek o IP-ju obiskovalca. Z uporabo tega spletnega mesta, kot so navedeni v seznamu spodaj se strinjate, da ta spletna mesta pridobijo IP ra\u010dunalnika ali mobilne naprave.<\/p>\n<ol>\n<li><a href=\"http:\/\/maxcdn.bootstrapcdn.com\/\" target=\"_blank\" rel=\"noopener\">maxcdn.bootstrapcdn.com<\/a><\/li>\n<li><a href=\"http:\/\/scontent-frx5-1.xx.fbcdn.net\/\" target=\"_blank\" rel=\"noopener\">scontent-frx5-1.xx.fbcdn.net<\/a><\/li>\n<li><a href=\"http:\/\/secure.gravatar.com\/\" target=\"_blank\" rel=\"noopener\">secure.gravatar.com<\/a><\/li>\n<li><a href=\"http:\/\/static.xx.fbcdn.net\/\" target=\"_blank\" rel=\"noopener\">static.xx.fbcdn.net<\/a><\/li>\n<li><a href=\"http:\/\/widget.authq.com\/\" target=\"_blank\" rel=\"noopener\">widget.authq.com<\/a><\/li>\n<li><a href=\"http:\/\/www.facebook.com\/\" target=\"_blank\" rel=\"noopener\">www.facebook.com<\/a><\/li>\n<li><a href=\"http:\/\/www.google.com\/\" target=\"_blank\" rel=\"noopener\">www.google.com<\/a><\/li>\n<li><a href=\"http:\/\/www.googletagmanager.com\/\" target=\"_blank\" rel=\"noopener\">www.googletagmanager.com<\/a><\/li>\n<li><a href=\"http:\/\/www.gstatic.com\/\" target=\"_blank\" rel=\"noopener\">www.gstatic.com<\/a><\/li>\n<\/ol>\n<h2><strong>Elementi sledenja za vodenje statistik obiska spletne strani<\/strong><\/h2>\n<p>Statistike obiskovalcev, ki jih vodijo operaterji spletnih storitev in so \u017ee opisani v razdelku tujih elementov spletne strani.<\/p>\n<p>Facebook.<\/p>\n<h3><a href=\"\" class=\"cookielawinfo-cookie-delete\">S klikom na to povezavo lahko izbri\u0161ete vse pi\u0161kotke te spletne strani.<\/a><\/h3>\n","protected":false},"excerpt":{"rendered":"<p>Politika zasebnosti\u00a0\u00a0\u00a0\u00a0\u00a0\u00a0\u00a0\u00a0\u00a0\u00a0\u00a0\u00a0\u00a0\u00a0 Ta politika zasebnosti ureja zbiranje, hrambo in obdelavo osebnih podatkov, ki jih Viva.Fit d.o.o. zbira od vas, ko se naro\u010dite na prejemanje vsebin kot so e-novice, vabila na dogodke ali podobno. Upravljavec\u00a0\u00a0\u00a0\u00a0\u00a0\u00a0\u00a0\u00a0\u00a0\u00a0\u00a0\u00a0\u00a0\u00a0\u00a0\u00a0\u00a0\u00a0 Upravljavec osebnih podatkov v pomenu, kot ga dolo\u010data Splo\u0161na uredba EU o varstvu osebnih podatkov in veljavni zakon, ki ureja varstvo [&hellip;]<\/p>\n","protected":false},"author":2,"featured_media":0,"parent":0,"menu_order":0,"comment_status":"closed","ping_status":"closed","template":"","meta":{"_exactmetrics_skip_tracking":false,"_exactmetrics_sitenote_active":false,"_exactmetrics_sitenote_note":"","_exactmetrics_sitenote_category":0,"footnotes":""},"class_list":["post-35","page","type-page","status-publish","hentry","post"],"_links":{"self":[{"href":"https:\/\/eugdpr.si\/index.php\/wp-json\/wp\/v2\/pages\/35","targetHints":{"allow":["GET"]}}],"collection":[{"href":"https:\/\/eugdpr.si\/index.php\/wp-json\/wp\/v2\/pages"}],"about":[{"href":"https:\/\/eugdpr.si\/index.php\/wp-json\/wp\/v2\/types\/page"}],"author":[{"embeddable":true,"href":"https:\/\/eugdpr.si\/index.php\/wp-json\/wp\/v2\/users\/2"}],"replies":[{"embeddable":true,"href":"https:\/\/eugdpr.si\/index.php\/wp-json\/wp\/v2\/comments?post=35"}],"version-history":[{"count":15,"href":"https:\/\/eugdpr.si\/index.php\/wp-json\/wp\/v2\/pages\/35\/revisions"}],"predecessor-version":[{"id":483,"href":"https:\/\/eugdpr.si\/index.php\/wp-json\/wp\/v2\/pages\/35\/revisions\/483"}],"wp:attachment":[{"href":"https:\/\/eugdpr.si\/index.php\/wp-json\/wp\/v2\/media?parent=35"}],"curies":[{"name":"wp","href":"https:\/\/api.w.org\/{rel}","templated":true}]}}